{"id":11281,"date":"2023-06-02T13:52:18","date_gmt":"2023-06-02T13:52:18","guid":{"rendered":"https:\/\/buildext.com\/certificates-awards-memberships\/"},"modified":"2025-05-05T08:33:38","modified_gmt":"2025-05-05T08:33:38","slug":"certificates-awards-memberships","status":"publish","type":"page","link":"https:\/\/buildext.com\/en\/certificates-awards-memberships\/","title":{"rendered":"Certificates, awards, memberships"},"content":{"rendered":"\n<div class=\"wp-block-create-block-buildext-cover-block alignfull cover\" style=\"min-height:704px\"><div class=\"desktop\" style=\"background-image:url(https:\/\/buildext.com\/wp-content\/uploads\/2023\/06\/feher-negyzetek-hatter-2.jpg)\"><\/div><div class=\"mobile\" style=\"background-image:url(https:\/\/buildext.com\/wp-content\/uploads\/2022\/08\/about-header-02-mobil-scaled.jpg)\"><\/div><div class=\"inner-container\">\n<div class=\"wp-block-group alignwide is-layout-flow wp-block-group-is-layout-flow\">\n<p class=\"cover-mobile-p has-white-color has-black-background-color has-text-color has-background has-large-font-size\"><strong>Quality. Innovation. Education  <\/strong>.<\/p>\n<\/div>\n<\/div><\/div>\n<div class=\"breadcrumbs alignwide\"><a href=\"https:\/\/buildext.com\/en\/\">Main<\/a><\/div>\n<div style=\"height:100px\" aria-hidden=\"true\" class=\"wp-block-spacer\"><\/div>\n\n<h2 class=\"wp-block-heading\">Certificates<\/h2>\n\n<ul class=\"wp-block-list\">\n<li><a href=\"https:\/\/buildext.com\/en\/buildext-iso-19650-top-5-iso-documentation\/\" target=\"_blank\" data-type=\"post\" data-id=\"2375\" rel=\"noreferrer noopener\">BIM ISO 19650-2:2018<\/a><\/li>\n\n\n\n<li>MSZ EN ISO 9001:2015<\/li>\n\n\n\n<li>Top secret level, simplified site security clearance<\/li>\n\n\n\n<li>Simplified site security certificate for handling NATO classified data<\/li>\n\n\n\n<li><a href=\"https:\/\/buildext.com\/en\/dun-and-bradstreet-aaa-buildext-certificate\/\" target=\"_blank\" data-type=\"post\" data-id=\"11162\" rel=\"noreferrer noopener\">Dun &amp; Bradstreet AAA certificate<\/a><\/li>\n<\/ul>\n\n<h2 class=\"wp-block-heading\">Awards<\/h2>\n\n<ul class=\"wp-block-list\">\n<li><a href=\"https:\/\/buildext.com\/en\/projects\/weinberg-light-reflection-facade\/\" target=\"_blank\" data-type=\"projects\" data-id=\"201\" rel=\"noreferrer noopener\">Master of Construction Award &#8211; Industrial Building Award<\/a><\/li>\n\n\n\n<li><a href=\"https:\/\/buildext.com\/en\/design-management-certificate\/\" target=\"_blank\" data-type=\"post\" data-id=\"2341\" rel=\"noreferrer noopener\">Design management<\/a><\/li>\n\n\n\n<li><a href=\"https:\/\/buildext.com\/en\/buildext-europe-top-10-bim-solutions-provider\/\" target=\"_blank\" data-type=\"post\" data-id=\"2289\" rel=\"noreferrer noopener\">TOP 10 European BIM Solution Provider<\/a><\/li>\n\n\n\n<li><a href=\"https:\/\/buildext.com\/en\/innovator-of-the-year-csaba-livjak\/\" target=\"_blank\" data-type=\"post\" data-id=\"11101\" rel=\"noreferrer noopener\">Innovator of the year<\/a><\/li>\n\n\n\n<li><a href=\"https:\/\/buildext.com\/en\/projects\/academia\/\" data-type=\"link\" data-id=\"https:\/\/buildext.com\/en\/projects\/academia\/\">Academia Offices modernization project<\/a> &#8211; Az \u00e9v\u00faj\u00edtott irodah\u00e1za 2024 (Office of the Year), Future Project of the Year 2022, Office Project of the Year, Retrofit\/Refurbishment of the Year 2023 (CRE Real Estate Awards)<\/li>\n\n\n\n<li><a href=\"https:\/\/buildext.com\/en\/projects\/giro-office-building-modernization\/\">GIRO office modernisation<\/a> &#8211; BIG SEE Interior Design Award<\/li>\n<\/ul>\n\n<h2 class=\"wp-block-heading\">Memberships<\/h2>\n\n<ul class=\"wp-block-list\">\n<li><a href=\"https:\/\/buildext.com\/en\/evosz-membership-buildext\/\" target=\"_blank\" data-type=\"post\" data-id=\"9122\" rel=\"noreferrer noopener\">National Association of Building Contractors (\u00c9VOSZ)<\/a><\/li>\n\n\n\n<li><a href=\"https:\/\/buildext.com\/en\/german-hungarian-chamber-duihk-buildext\/\" target=\"_blank\" data-type=\"post\" data-id=\"2447\" rel=\"noreferrer noopener\">German-Hungarian Chamber of Industry and Commerce (DUIHK)<\/a><\/li>\n\n\n\n<li><a href=\"https:\/\/buildext.com\/en\/ccch-business-breakfast\/\" target=\"_blank\" data-type=\"post\" data-id=\"11027\" rel=\"noreferrer noopener\">Canadian Hungarian Chamber of Commerce in Hungary (CCCH)<\/a><\/li>\n\n\n\n<li><a href=\"https:\/\/menedzserek.hu\/\" target=\"_blank\" rel=\"noreferrer noopener\">National Association of Managers<\/a><\/li>\n\n\n\n<li><a href=\"https:\/\/leofm.hu\/\" target=\"_blank\" rel=\"noopener\">National Association of Facility Management and Building Management Service Providers (LEO FM)<\/a><\/li>\n<\/ul>\n\n<div style=\"height:40px\" aria-hidden=\"true\" class=\"wp-block-spacer\"><\/div>\n\n<p><\/p>\n","protected":false},"excerpt":{"rendered":"<p>Certificates Awards Memberships<\/p>\n","protected":false},"author":2,"featured_media":6656,"parent":0,"menu_order":0,"comment_status":"closed","ping_status":"closed","template":"","meta":{"content-type":"","footnotes":""},"class_list":["post-11281","page","type-page","status-publish","has-post-thumbnail","hentry"],"_links":{"self":[{"href":"https:\/\/buildext.com\/en\/wp-json\/wp\/v2\/pages\/11281","targetHints":{"allow":["GET"]}}],"collection":[{"href":"https:\/\/buildext.com\/en\/wp-json\/wp\/v2\/pages"}],"about":[{"href":"https:\/\/buildext.com\/en\/wp-json\/wp\/v2\/types\/page"}],"author":[{"embeddable":true,"href":"https:\/\/buildext.com\/en\/wp-json\/wp\/v2\/users\/2"}],"replies":[{"embeddable":true,"href":"https:\/\/buildext.com\/en\/wp-json\/wp\/v2\/comments?post=11281"}],"version-history":[{"count":4,"href":"https:\/\/buildext.com\/en\/wp-json\/wp\/v2\/pages\/11281\/revisions"}],"predecessor-version":[{"id":16604,"href":"https:\/\/buildext.com\/en\/wp-json\/wp\/v2\/pages\/11281\/revisions\/16604"}],"wp:featuredmedia":[{"embeddable":true,"href":"https:\/\/buildext.com\/en\/wp-json\/wp\/v2\/media\/6656"}],"wp:attachment":[{"href":"https:\/\/buildext.com\/en\/wp-json\/wp\/v2\/media?parent=11281"}],"curies":[{"name":"wp","href":"https:\/\/api.w.org\/{rel}","templated":true}]}}